{"id":4661,"date":"2009-01-23T13:51:56","date_gmt":"2009-01-23T12:51:56","guid":{"rendered":"http:\/\/www.oldwishes.net\/tales\/?page_id=2"},"modified":"2009-01-23T13:51:56","modified_gmt":"2009-01-23T12:51:56","slug":"a-propos","status":"publish","type":"page","link":"https:\/\/la-conteuse.net\/index.php\/a-propos\/","title":{"rendered":"L&rsquo;autrice : C\u00e9cile &#038; Naini\u00eb"},"content":{"rendered":"<blockquote>\n<p style=\"text-align: center;\"><span style=\"font-size: 13px;\">Gardienne, promeneuse, chercheuse d&rsquo;histoire et faiseuse d&rsquo;images, je suis aussi historienne de l&rsquo;art, sp\u00e9cialis\u00e9e dans les \u00ab\u00a0nouvelles technologies\u00a0\u00bb, passionn\u00e9e de litt\u00e9rature jeunesse et d&rsquo;albums pour enfants. A travers Oldwishes, je vous invite aussi bien dans mon univers artistique mais j&rsquo;aime \u00e9galement r\u00e9aliser des analyses approfondies de diff\u00e9rents supports culturels tels que films, ouvrages, albums&#8230;&nbsp;<\/span><\/p>\n<\/blockquote>\n<h2 style=\"text-align: center;\">Ma formation<\/h2>\n<p style=\"text-align: justify;\">J&rsquo;ai fait des \u00e9tudes secondaires g\u00e9n\u00e9rales avant de me tourner vers l&rsquo;infographie \u00e0 Saint-Luc. J&rsquo;ai ensuite fait des \u00e9tudes d&rsquo;histoire de l&rsquo;art et d&rsquo;arch\u00e9ologie \u00e0 l&rsquo;Universit\u00e9 de Li\u00e8ge.<\/p>\n<p style=\"text-align: justify;\">Passionn\u00e9e depuis des ann\u00e9es par la litt\u00e9rature de jeunesse et ses illustrations, &nbsp;j&rsquo;ai voulu tout&nbsp;naturellement voulu&nbsp;r\u00e9aliser un m\u00e9moire dans ce domaine. C&rsquo;\u00e9tait une occasion de mettre \u00e0 contribution mes diff\u00e9rentes en un seul travail, qui bien qu&rsquo;\u00e9puisant, a \u00e9t\u00e9 d&rsquo;une richesse incroyable. Ce travail est en partie disponible sur ce site. Je souhaite pouvoir continuer \u00e0 \u00e9tudier dans ce domaine ainsi qu&rsquo;analyser des ouvrages. Ce site me permet de partager ces recherches.<\/p>\n<p style=\"text-align: justify;\">Je suis passionn\u00e9e par les arts issus des nouvelles technologies et j&rsquo;ai volontairement orient\u00e9 mon&nbsp;cursus&nbsp;d&rsquo;\u00e9tudes dans cette direction . Ainsi, je suis sp\u00e9cialis\u00e9e dans les domaines de la culture de masse et quelques unes de ses incarnations majeurs : cin\u00e9ma, photographie, musique contemporaine, bande-dessin\u00e9e et litt\u00e9rature de jeunesse.<\/p>\n<p style=\"text-align: justify;\">J&rsquo;ai choisi une formation diversifi\u00e9e en art et en arch\u00e9ologie, sans sp\u00e9cialisation pr\u00e9cise, je me suis&nbsp;int\u00e9ress\u00e9e&nbsp;aussi bien au monde antique avec une pr\u00e9dilection pour l&rsquo;\u00e9gyptologie et l&rsquo;\u00e9tude de la Rome antique, \u00e0 l&rsquo;\u00e9poque m\u00e9di\u00e9vale avec une pr\u00e9dilection pour l&rsquo;architecture militaire (la&nbsp;castellologie), la Renaissance et l&rsquo;\u00e9poque moderne. Ma seule v\u00e9ritable option \u00e9tait l&rsquo;art contemporain (XIX\u00e8me et XX\u00e8me si\u00e8cle). J&rsquo;ai \u00e9galement r\u00e9alis\u00e9 un \u00ab\u00a0cursus complet\u00a0\u00bb en musicologie, depuis les origines m\u00e9di\u00e9vales jusqu&rsquo;\u00e0 nos jours (jazz, blues, rap, rock et m\u00e9tal), ma p\u00e9riode de pr\u00e9dilection est cependant la Renaissance Italienne.<\/p>\n<p style=\"text-align: center;\"><a href=\"https:\/\/la-conteuse.net\/wp-content\/uploads\/2009\/01\/Cv_Cecile.pdf\">Mon Curriculum vit\u00e6<\/a><\/p>\n<p>&nbsp;<\/p>\n<h2 style=\"text-align: center;\">Sur la toile &#8230;<\/h2>\n<blockquote>\n<p style=\"text-align: center;\"><em><br \/>\nLa f\u00e9e des ombres et des lumi\u00e8res qui sans fin tisse entre ses doigts la nuit et les r\u00eaves&#8230;\u00a0\u00bb<\/em><\/p>\n<\/blockquote>\n<p>C&rsquo;est en l&rsquo;an 2000 que j&rsquo;ai fond\u00e9 <a title=\"Ygora\" href=\"http:\/\/www.ygora.net\" target=\"_blank\" rel=\"noopener\">Ygora.net<\/a>, un site internet ayant pour th\u00e8me les contes, les l\u00e9gendes et la f\u00e9erie. Une belle histoire humaine qui a dur\u00e9 plus de sept ans&#8230; J&rsquo;ai \u00e9galement commenc\u00e9 \u00e0 <a title=\"Murmures et reflets d\u2019Oldwishes\" href=\"http:\/\/www.oldwishes.net\/tales\/?page_id=1129\" target=\"_blank\" rel=\"noopener\">illustrer<\/a> mon univers \u00e0 cette \u00e9poque. Le site d&rsquo;Ygora s&rsquo;est endormi le temps de mes \u00e9tudes&#8230; Il rena\u00eetra peut-\u00eatre dans quelques temps. Qui sait ?<\/p>\n<p>En mati\u00e8re de cr\u00e9ations et d&rsquo;illustrations, je tire mon inspiration des r\u00e9cits ancestraux que j&rsquo;affectionne&nbsp;particuli\u00e8rement mais \u00e9galement des artistes, illustrateurs et peintres &nbsp;parmi mes favoris, il y a les peintres du XIX\u00e8me si\u00e8cle, ceux de la Renaissance Italienne, les Romantiques Allemands, les Pr\u00e9rapha\u00e9lites anglais&#8230; Je suis attir\u00e9e par l&rsquo;histoire et ses&nbsp;fant\u00f4mes, par les aventures humaines&#8230;<\/p>\n<p>&nbsp;<\/p>\n<h2>&nbsp;<\/h2>\n<p><a href=\"https:\/\/la-conteuse.net\/wp-content\/uploads\/2009\/01\/ennaria.png\"><img loading=\"lazy\" decoding=\"async\" class=\"alignleft size-full wp-image-1704\" title=\"Naini\u00eb\" src=\"https:\/\/la-conteuse.net\/wp-content\/uploads\/2009\/01\/ennaria.png\" alt=\"\" width=\"227\" height=\"300\"><\/a><\/p>\n<h2 style=\"text-align: center;\">Mon avatar :<\/h2>\n<h2 style=\"text-align: center;\">Naini\u00eb des contr\u00e9es d&rsquo;Oldwishes<\/h2>\n<p>Si les ann\u00e9es ont pass\u00e9es depuis mes premi\u00e8res passions et amours de toiles avec Ygora et que je me suis fait plus discr\u00e8te, j&rsquo;aime toujours errer, solitaire, dans les contr\u00e9es changeantes d\u2019Oldwishes. Le personnage de Naini\u00eb est devenue la \u00ab\u00a0Dame M\u00e9lancolie\u00a0\u00bb des for\u00eats d&rsquo;Emeraude d&rsquo;Oldwishes. Personnage majeur d&rsquo;un univers, elle est et restera mon alter-ego artistique et symbolique.Elle est devenue l&rsquo;h\u00e9ro\u00efne de plusieurs r\u00e9cits, personnage multi-facettes, le monde d&rsquo;Ygora se construit autour d&rsquo;elle &nbsp;et il continuera de&nbsp;cro\u00eetre&nbsp;tant que l&rsquo;inspiration et l&rsquo;envie seront l\u00e0.<\/p>\n<p>&nbsp;<\/p>\n<p>&nbsp;<\/p>\n<p>&nbsp;<\/p>\n<p>&nbsp;<\/p>\n<p><a class=\"shutterset_\" title=\"\" href=\"http:\/\/www.oldwishes.net\/tales\/wp-content\/gallery\/illustrations\/dyptique_final.jpg\">&nbsp;<\/a><\/p>\n","protected":false},"excerpt":{"rendered":"<p>Historienne de l&rsquo;art , cr\u00e9atrice de mondes imaginaires et r\u00eaveuse m\u00e9lancolique<\/p>\n","protected":false},"author":2,"featured_media":2579,"parent":0,"menu_order":0,"comment_status":"open","ping_status":"closed","template":"","meta":{"ngg_post_thumbnail":0,"footnotes":""},"class_list":["post-4661","page","type-page","status-publish","has-post-thumbnail","hentry"],"yoast_head":"<!-- This site is optimized with the Yoast SEO plugin v27.0 - https:\/\/yoast.com\/product\/yoast-seo-wordpress\/ -->\n<title>L&#039;autrice : C\u00e9cile &amp; Naini\u00eb - Les dits d&#039;Oldwishes<\/title>\n<meta name=\"robots\" content=\"index, follow, max-snippet:-1, max-image-preview:large, max-video-preview:-1\" \/>\n<link rel=\"canonical\" href=\"https:\/\/la-conteuse.net\/index.php\/a-propos\/\" \/>\n<meta property=\"og:locale\" content=\"fr_FR\" \/>\n<meta property=\"og:type\" content=\"article\" \/>\n<meta property=\"og:title\" content=\"L&#039;autrice : C\u00e9cile &amp; Naini\u00eb - Les dits d&#039;Oldwishes\" \/>\n<meta property=\"og:description\" content=\"Historienne de l&#039;art , cr\u00e9atrice de mondes imaginaires et r\u00eaveuse m\u00e9lancolique\" \/>\n<meta property=\"og:url\" content=\"https:\/\/la-conteuse.net\/index.php\/a-propos\/\" \/>\n<meta property=\"og:site_name\" content=\"Les dits d&#039;Oldwishes\" \/>\n<meta property=\"og:image\" content=\"https:\/\/la-conteuse.net\/wp-content\/uploads\/2009\/01\/cecile_3.jpg\" \/>\n\t<meta property=\"og:image:width\" content=\"776\" \/>\n\t<meta property=\"og:image:height\" content=\"362\" \/>\n\t<meta property=\"og:image:type\" content=\"image\/jpeg\" \/>\n<meta name=\"twitter:card\" content=\"summary_large_image\" \/>\n<meta name=\"twitter:label1\" content=\"Dur\u00e9e de lecture estim\u00e9e\" \/>\n\t<meta name=\"twitter:data1\" content=\"3 minutes\" \/>\n<script type=\"application\/ld+json\" class=\"yoast-schema-graph\">{\"@context\":\"https:\/\/schema.org\",\"@graph\":[{\"@type\":\"WebPage\",\"@id\":\"https:\/\/la-conteuse.net\/index.php\/a-propos\/\",\"url\":\"https:\/\/la-conteuse.net\/index.php\/a-propos\/\",\"name\":\"L'autrice : C\u00e9cile & Naini\u00eb - Les dits d&#039;Oldwishes\",\"isPartOf\":{\"@id\":\"https:\/\/la-conteuse.net\/#website\"},\"primaryImageOfPage\":{\"@id\":\"https:\/\/la-conteuse.net\/index.php\/a-propos\/#primaryimage\"},\"image\":{\"@id\":\"https:\/\/la-conteuse.net\/index.php\/a-propos\/#primaryimage\"},\"thumbnailUrl\":\"https:\/\/la-conteuse.net\/wp-content\/uploads\/2009\/01\/cecile_3.jpg\",\"datePublished\":\"2009-01-23T12:51:56+00:00\",\"breadcrumb\":{\"@id\":\"https:\/\/la-conteuse.net\/index.php\/a-propos\/#breadcrumb\"},\"inLanguage\":\"fr-FR\",\"potentialAction\":[{\"@type\":\"ReadAction\",\"target\":[\"https:\/\/la-conteuse.net\/index.php\/a-propos\/\"]}]},{\"@type\":\"ImageObject\",\"inLanguage\":\"fr-FR\",\"@id\":\"https:\/\/la-conteuse.net\/index.php\/a-propos\/#primaryimage\",\"url\":\"https:\/\/la-conteuse.net\/wp-content\/uploads\/2009\/01\/cecile_3.jpg\",\"contentUrl\":\"https:\/\/la-conteuse.net\/wp-content\/uploads\/2009\/01\/cecile_3.jpg\",\"width\":776,\"height\":362,\"caption\":\"The Painted Heart\"},{\"@type\":\"BreadcrumbList\",\"@id\":\"https:\/\/la-conteuse.net\/index.php\/a-propos\/#breadcrumb\",\"itemListElement\":[{\"@type\":\"ListItem\",\"position\":1,\"name\":\"Accueil\",\"item\":\"https:\/\/la-conteuse.net\/\"},{\"@type\":\"ListItem\",\"position\":2,\"name\":\"L&rsquo;autrice : C\u00e9cile &#038; Naini\u00eb\"}]},{\"@type\":\"WebSite\",\"@id\":\"https:\/\/la-conteuse.net\/#website\",\"url\":\"https:\/\/la-conteuse.net\/\",\"name\":\"Les dits d&#039;Oldwishes\",\"description\":\"Lettres et bruissements d&#039;elle...\",\"potentialAction\":[{\"@type\":\"SearchAction\",\"target\":{\"@type\":\"EntryPoint\",\"urlTemplate\":\"https:\/\/la-conteuse.net\/?s={search_term_string}\"},\"query-input\":{\"@type\":\"PropertyValueSpecification\",\"valueRequired\":true,\"valueName\":\"search_term_string\"}}],\"inLanguage\":\"fr-FR\"}]}<\/script>\n<!-- \/ Yoast SEO plugin. -->","yoast_head_json":{"title":"L'autrice : C\u00e9cile & Naini\u00eb - Les dits d&#039;Oldwishes","robots":{"index":"index","follow":"follow","max-snippet":"max-snippet:-1","max-image-preview":"max-image-preview:large","max-video-preview":"max-video-preview:-1"},"canonical":"https:\/\/la-conteuse.net\/index.php\/a-propos\/","og_locale":"fr_FR","og_type":"article","og_title":"L'autrice : C\u00e9cile & Naini\u00eb - Les dits d&#039;Oldwishes","og_description":"Historienne de l'art , cr\u00e9atrice de mondes imaginaires et r\u00eaveuse m\u00e9lancolique","og_url":"https:\/\/la-conteuse.net\/index.php\/a-propos\/","og_site_name":"Les dits d&#039;Oldwishes","og_image":[{"width":776,"height":362,"url":"https:\/\/la-conteuse.net\/wp-content\/uploads\/2009\/01\/cecile_3.jpg","type":"image\/jpeg"}],"twitter_card":"summary_large_image","twitter_misc":{"Dur\u00e9e de lecture estim\u00e9e":"3 minutes"},"schema":{"@context":"https:\/\/schema.org","@graph":[{"@type":"WebPage","@id":"https:\/\/la-conteuse.net\/index.php\/a-propos\/","url":"https:\/\/la-conteuse.net\/index.php\/a-propos\/","name":"L'autrice : C\u00e9cile & Naini\u00eb - Les dits d&#039;Oldwishes","isPartOf":{"@id":"https:\/\/la-conteuse.net\/#website"},"primaryImageOfPage":{"@id":"https:\/\/la-conteuse.net\/index.php\/a-propos\/#primaryimage"},"image":{"@id":"https:\/\/la-conteuse.net\/index.php\/a-propos\/#primaryimage"},"thumbnailUrl":"https:\/\/la-conteuse.net\/wp-content\/uploads\/2009\/01\/cecile_3.jpg","datePublished":"2009-01-23T12:51:56+00:00","breadcrumb":{"@id":"https:\/\/la-conteuse.net\/index.php\/a-propos\/#breadcrumb"},"inLanguage":"fr-FR","potentialAction":[{"@type":"ReadAction","target":["https:\/\/la-conteuse.net\/index.php\/a-propos\/"]}]},{"@type":"ImageObject","inLanguage":"fr-FR","@id":"https:\/\/la-conteuse.net\/index.php\/a-propos\/#primaryimage","url":"https:\/\/la-conteuse.net\/wp-content\/uploads\/2009\/01\/cecile_3.jpg","contentUrl":"https:\/\/la-conteuse.net\/wp-content\/uploads\/2009\/01\/cecile_3.jpg","width":776,"height":362,"caption":"The Painted Heart"},{"@type":"BreadcrumbList","@id":"https:\/\/la-conteuse.net\/index.php\/a-propos\/#breadcrumb","itemListElement":[{"@type":"ListItem","position":1,"name":"Accueil","item":"https:\/\/la-conteuse.net\/"},{"@type":"ListItem","position":2,"name":"L&rsquo;autrice : C\u00e9cile &#038; Naini\u00eb"}]},{"@type":"WebSite","@id":"https:\/\/la-conteuse.net\/#website","url":"https:\/\/la-conteuse.net\/","name":"Les dits d&#039;Oldwishes","description":"Lettres et bruissements d&#039;elle...","potentialAction":[{"@type":"SearchAction","target":{"@type":"EntryPoint","urlTemplate":"https:\/\/la-conteuse.net\/?s={search_term_string}"},"query-input":{"@type":"PropertyValueSpecification","valueRequired":true,"valueName":"search_term_string"}}],"inLanguage":"fr-FR"}]}},"_links":{"self":[{"href":"https:\/\/la-conteuse.net\/index.php\/wp-json\/wp\/v2\/pages\/4661","targetHints":{"allow":["GET"]}}],"collection":[{"href":"https:\/\/la-conteuse.net\/index.php\/wp-json\/wp\/v2\/pages"}],"about":[{"href":"https:\/\/la-conteuse.net\/index.php\/wp-json\/wp\/v2\/types\/page"}],"author":[{"embeddable":true,"href":"https:\/\/la-conteuse.net\/index.php\/wp-json\/wp\/v2\/users\/2"}],"replies":[{"embeddable":true,"href":"https:\/\/la-conteuse.net\/index.php\/wp-json\/wp\/v2\/comments?post=4661"}],"version-history":[{"count":0,"href":"https:\/\/la-conteuse.net\/index.php\/wp-json\/wp\/v2\/pages\/4661\/revisions"}],"wp:featuredmedia":[{"embeddable":true,"href":"https:\/\/la-conteuse.net\/index.php\/wp-json\/wp\/v2\/media\/2579"}],"wp:attachment":[{"href":"https:\/\/la-conteuse.net\/index.php\/wp-json\/wp\/v2\/media?parent=4661"}],"curies":[{"name":"wp","href":"https:\/\/api.w.org\/{rel}","templated":true}]}}