{"id":1990,"date":"2012-10-16T11:04:50","date_gmt":"2012-10-16T10:04:50","guid":{"rendered":"http:\/\/www.oldwishes.net\/tales\/?page_id=1990"},"modified":"2012-10-16T11:04:50","modified_gmt":"2012-10-16T10:04:50","slug":"introduction-au-double-lectorat","status":"publish","type":"page","link":"https:\/\/la-conteuse.net\/index.php\/introduction-au-double-lectorat\/","title":{"rendered":"Une introduction au double lectorat"},"content":{"rendered":"<blockquote>\n<p style=\"padding-left: 30px;\">L\u2019intertextualit\u00e9 fait partie int\u00e9grante de la litt\u00e9rature de jeunesse du XIX<sup>\u00e8me<\/sup>\u00a0si\u00e8cle au XXI<sup>\u00e8me<\/sup>\u00a0si\u00e8cle.\u00a0 Toutefois, il y a quelques ann\u00e9es encore, l\u2019intertextualit\u00e9 n\u2019\u00e9tait qu\u2019un des ph\u00e9nom\u00e8nes du double lectorat parmi le carnavalesque, \u00a0la m\u00e9tafiction et les jeux de langage. Le ph\u00e9nom\u00e8ne de l\u2019intertextualit\u00e9 dans la litt\u00e9rature g\u00e9n\u00e9rale a \u00e9t\u00e9 th\u00e9oris\u00e9 il y a une quarantaine d\u2019ann\u00e9es et plus tardivement dans l\u2019album avec l\u2019apparition de la notion d\u2019intericonicit\u00e9.<\/p>\n<\/blockquote>\n<p>Les choses tendent \u00e0 \u00e9voluer \u00e0 mesure que la transm\u00e9diation se d\u00e9veloppe. D\u00e8s la fin du XX<sup>\u00e8me<\/sup>\u00a0si\u00e8cle, les fronti\u00e8res entre la litt\u00e9rature de jeunesse et la litt\u00e9rature g\u00e9n\u00e9rale n\u2019ont fait que s\u2019amenuiser. \u00c0 pr\u00e9sent, l\u2019intertextualit\u00e9 n\u2019est plus seulement transartistique mais \u00e9galement transm\u00e9diatique. De plus en plus d\u2019albums contiennent des caract\u00e9ristiques du double lectorat et les auteurs et illustrateurs se servent de l\u2019intertextualit\u00e9 avec plus ou moins d\u2019habilit\u00e9 et de talent.<\/p>\n<h2 style=\"text-align: center;\">Sommaire<\/h2>\n<p style=\"text-align: center;\">\u00a0Les cat\u00e9gories de Bettina K\u00fcmmerling-Meibauer (non publi\u00e9)<\/p>\n<p style=\"text-align: center;\"><a href=\"http:\/\/www.oldwishes.net\/tales\/?p=2022\">Le r\u00f4le des adultes dans la cr\u00e9ation du double lectorat<\/a><\/p>\n<p style=\"text-align: center;\"><a href=\"http:\/\/www.oldwishes.net\/tales\/?p=2099\">Double lectorat : les jeux de langage<\/a><\/p>\n<p style=\"text-align: center;\"><a title=\"Le carnavalesque\" href=\"http:\/\/www.oldwishes.net\/tales\/?p=2115\">Le carnavalesque (prot\u00e9g\u00e9)<\/a><\/p>\n<p><!--more--><\/p>\n<p>&nbsp;<\/p>\n<p>ngg_shortcode_0_placeholderL\u2019intertextualit\u00e9 ne permet plus seulement la transmission d\u2019un patrimoine culturel cher \u00e0 l\u2019auteur mais permet \u00e9galement de s\u2019ancrer profond\u00e9ment dans le quotidien de ceux qui lisent l\u2019ouvrage \u2013 gr\u00e2ce \u00e0 la transm\u00e9diation. Les enfants comme les adultes vont se retrouver autour des m\u00eames livres, films et jeux. Cette communion des \u00e2ges a plusieurs avantages\u00a0: la transmission du savoir et le rassemblement des adultes et des enfants autour des m\u00eames univers.\u00a0 Comme nous l\u2019avons vu dans le chapitre sur la transm\u00e9diation, la face n\u00e9gative de ce double lectorat est l\u2019infantilisation latente qui peut ressembler \u00e0 une uniformisation qui tend \u00e0 nier les sp\u00e9cificit\u00e9s des diff\u00e9rents lectorats. C\u2019est l\u2019av\u00e8nement du public familial, du tout public, du \u00ab\u00a0all\u00a0\u00bb.<\/p>\n<p>De mani\u00e8re g\u00e9n\u00e9rale, le ph\u00e9nom\u00e8ne du double lectorat n\u2019est pas neuf, on peut m\u00eame dire qu\u2019il est pr\u00e9sent dans un grand nombre de classiques de la litt\u00e9rature de jeunesse. Ces m\u00eames classiques qui peuvent avoir \u00e9t\u00e9 \u00e9crits pour un lectorat adulte \u00e0 l\u2019origine, tel que\u00a0<em>Les Trois Mousquetaires\u00a0<\/em>d\u2019Alexandre Dumas. Pour Isabelle Jan\u00a0: \u00ab\u00a0de tout temps, d\u00e8s qu\u2019ils (les enfants) ont su lire, ils se sont empar\u00e9s de livres qui ne leur \u00e9taient pas destin\u00e9s\u00a0\u00bb[1].<\/p>\n<p>Cependant cette situation peut \u00e9galement \u00eatre invers\u00e9e, c\u2019est ce que l\u2019on a pu constater avec le ph\u00e9nom\u00e8ne du cycle de J.K. Rowling,\u00a0<em>Harry Potter.\u00a0<\/em>Originellement destin\u00e9 \u00e0 la jeunesse, il va ensuite \u00eatre \u00e9dit\u00e9 dans des collections dites pour adultes.\u00a0 Pour Catherine Renaud Buscall, l\u2019int\u00e9r\u00eat critique pour le double lectorat co\u00efncide avec le succ\u00e8s du cycle\u00a0<em>Harry Potter<\/em>\u00a0de J.K. Rowling et de la trilogie\u00a0<em>\u00c0 la crois\u00e9e des mondes<\/em>\u00a0de Philip Pullman. Ainsi, pour de nombreux critiques, les recherches concernant la nature du double lectorat d\u00e9butent avec les aventures du petit sorcier.<\/p>\n<p>Les premi\u00e8res \u00e9tudes du double lectorat visaient \u00e0 mettre en avant les oppositions entre la litt\u00e9rature g\u00e9n\u00e9rale et la litt\u00e9rature de jeunesse, elles ont \u00e9t\u00e9 r\u00e9alis\u00e9es en Angleterre par des critiques, des journalistes et des chercheurs en 2003 lors d\u2019un colloque \u00e0 Roehampton\u00a0:\u00a0<em>Book and Boundaries\u00a0: Writers and their Audiences<\/em><em><strong>[2]<\/strong><\/em>.\u00a0 Pionni\u00e8re dans ce domaine, Sandra Beckett\u00a0 n\u2019a pas attendu le succ\u00e8s d<em>\u2019Harry Potter<\/em>\u00a0pour r\u00e9diger, en 1999, un des premiers recueils d\u2019articles sur le sujet, il fait aujourd\u2019hui office de r\u00e9f\u00e9rence\u00a0:\u00a0<em>Transcending boundaries: writing for a dual audience of children and adults<\/em>[3].<\/p>\nngg_shortcode_1_placeholder\n<div>\n<p>&nbsp;<\/p>\n<hr align=\"left\" size=\"1\" width=\"33%\" \/>\n<div>\n<p>[1]\u00a0JAN, Isabelle,\u00a0<em>La litt\u00e9rature enfantine<\/em>\u00a0dans Parmegiani, \u00a0C.-A. (dir.)\u00a0<em>Lectures, livres et biblioth\u00e8ques pour enfants<\/em>, Paris, Editions du cercle de la librairie, 1993, p. 25.<\/p>\n<\/div>\n<div>\n<p>[2]\u00a0PINSENT, Pat (dir.),\u00a0<em>Book and Boundaries\u00a0: Writers and their Audiences<\/em>, Roehempton, Pied\u00a0 Pipper Publishing, 2004<\/p>\n<\/div>\n<div>\n<p>[3]\u00a0BECKETT, Sandra (dir.),\u00a0<em>Transcending Boundaries, writing a dual audience of children and adults<\/em>, New York et Londres, Garland Publishing, 1999<\/p>\n<\/div>\n<\/div>\n","protected":false},"excerpt":{"rendered":"<p>L\u2019intertextualit\u00e9 fait partie int\u00e9grante de la litt\u00e9rature de jeunesse du XIX\u00e8me\u00a0si\u00e8cle au XXI\u00e8me\u00a0si\u00e8cle.\u00a0 Toutefois, il y a quelques ann\u00e9es encore, l\u2019intertextualit\u00e9 n\u2019\u00e9tait qu\u2019un des ph\u00e9nom\u00e8nes du double lectorat parmi le carnavalesque, \u00a0la m\u00e9tafiction et les jeux de langage. Le ph\u00e9nom\u00e8ne de l\u2019intertextualit\u00e9 dans la litt\u00e9rature g\u00e9n\u00e9rale a \u00e9t\u00e9 th\u00e9oris\u00e9 il y a une quarantaine d\u2019ann\u00e9es [&hellip;]<\/p>\n","protected":false},"author":2,"featured_media":1997,"parent":0,"menu_order":0,"comment_status":"open","ping_status":"open","template":"page-blog.php","meta":{"ngg_post_thumbnail":0,"footnotes":""},"class_list":["post-1990","page","type-page","status-publish","has-post-thumbnail","hentry"],"yoast_head":"<!-- This site is optimized with the Yoast SEO plugin v27.0 - https:\/\/yoast.com\/product\/yoast-seo-wordpress\/ -->\n<title>Une introduction au double lectorat - Les dits d&#039;Oldwishes<\/title>\n<meta name=\"robots\" content=\"index, follow, max-snippet:-1, max-image-preview:large, max-video-preview:-1\" \/>\n<link rel=\"canonical\" href=\"https:\/\/la-conteuse.net\/index.php\/introduction-au-double-lectorat\/\" \/>\n<meta property=\"og:locale\" content=\"fr_FR\" \/>\n<meta property=\"og:type\" content=\"article\" \/>\n<meta property=\"og:title\" content=\"Une introduction au double lectorat - Les dits d&#039;Oldwishes\" \/>\n<meta property=\"og:description\" content=\"L\u2019intertextualit\u00e9 fait partie int\u00e9grante de la litt\u00e9rature de jeunesse du XIX\u00e8me\u00a0si\u00e8cle au XXI\u00e8me\u00a0si\u00e8cle.\u00a0 Toutefois, il y a quelques ann\u00e9es encore, l\u2019intertextualit\u00e9 n\u2019\u00e9tait qu\u2019un des ph\u00e9nom\u00e8nes du double lectorat parmi le carnavalesque, \u00a0la m\u00e9tafiction et les jeux de langage. Le ph\u00e9nom\u00e8ne de l\u2019intertextualit\u00e9 dans la litt\u00e9rature g\u00e9n\u00e9rale a \u00e9t\u00e9 th\u00e9oris\u00e9 il y a une quarantaine d\u2019ann\u00e9es [&hellip;]\" \/>\n<meta property=\"og:url\" content=\"https:\/\/la-conteuse.net\/index.php\/introduction-au-double-lectorat\/\" \/>\n<meta property=\"og:site_name\" content=\"Les dits d&#039;Oldwishes\" \/>\n<meta property=\"og:image\" content=\"https:\/\/la-conteuse.net\/wp-content\/uploads\/2012\/10\/dl_Ducos_Ange3.jpg\" \/>\n\t<meta property=\"og:image:width\" content=\"800\" \/>\n\t<meta property=\"og:image:height\" content=\"318\" \/>\n\t<meta property=\"og:image:type\" content=\"image\/jpeg\" \/>\n<meta name=\"twitter:card\" content=\"summary_large_image\" \/>\n<meta name=\"twitter:label1\" content=\"Dur\u00e9e de lecture estim\u00e9e\" \/>\n\t<meta name=\"twitter:data1\" content=\"4 minutes\" \/>\n<script type=\"application\/ld+json\" class=\"yoast-schema-graph\">{\"@context\":\"https:\/\/schema.org\",\"@graph\":[{\"@type\":\"WebPage\",\"@id\":\"https:\/\/la-conteuse.net\/index.php\/introduction-au-double-lectorat\/\",\"url\":\"https:\/\/la-conteuse.net\/index.php\/introduction-au-double-lectorat\/\",\"name\":\"Une introduction au double lectorat - Les dits d&#039;Oldwishes\",\"isPartOf\":{\"@id\":\"https:\/\/la-conteuse.net\/#website\"},\"primaryImageOfPage\":{\"@id\":\"https:\/\/la-conteuse.net\/index.php\/introduction-au-double-lectorat\/#primaryimage\"},\"image\":{\"@id\":\"https:\/\/la-conteuse.net\/index.php\/introduction-au-double-lectorat\/#primaryimage\"},\"thumbnailUrl\":\"https:\/\/la-conteuse.net\/wp-content\/uploads\/2012\/10\/dl_Ducos_Ange3.jpg\",\"datePublished\":\"2012-10-16T10:04:50+00:00\",\"breadcrumb\":{\"@id\":\"https:\/\/la-conteuse.net\/index.php\/introduction-au-double-lectorat\/#breadcrumb\"},\"inLanguage\":\"fr-FR\",\"potentialAction\":[{\"@type\":\"ReadAction\",\"target\":[\"https:\/\/la-conteuse.net\/index.php\/introduction-au-double-lectorat\/\"]}]},{\"@type\":\"ImageObject\",\"inLanguage\":\"fr-FR\",\"@id\":\"https:\/\/la-conteuse.net\/index.php\/introduction-au-double-lectorat\/#primaryimage\",\"url\":\"https:\/\/la-conteuse.net\/wp-content\/uploads\/2012\/10\/dl_Ducos_Ange3.jpg\",\"contentUrl\":\"https:\/\/la-conteuse.net\/wp-content\/uploads\/2012\/10\/dl_Ducos_Ange3.jpg\",\"width\":800,\"height\":318},{\"@type\":\"BreadcrumbList\",\"@id\":\"https:\/\/la-conteuse.net\/index.php\/introduction-au-double-lectorat\/#breadcrumb\",\"itemListElement\":[{\"@type\":\"ListItem\",\"position\":1,\"name\":\"Accueil\",\"item\":\"https:\/\/la-conteuse.net\/\"},{\"@type\":\"ListItem\",\"position\":2,\"name\":\"Une introduction au double lectorat\"}]},{\"@type\":\"WebSite\",\"@id\":\"https:\/\/la-conteuse.net\/#website\",\"url\":\"https:\/\/la-conteuse.net\/\",\"name\":\"Les dits d&#039;Oldwishes\",\"description\":\"Lettres et bruissements d&#039;elle...\",\"potentialAction\":[{\"@type\":\"SearchAction\",\"target\":{\"@type\":\"EntryPoint\",\"urlTemplate\":\"https:\/\/la-conteuse.net\/?s={search_term_string}\"},\"query-input\":{\"@type\":\"PropertyValueSpecification\",\"valueRequired\":true,\"valueName\":\"search_term_string\"}}],\"inLanguage\":\"fr-FR\"}]}<\/script>\n<!-- \/ Yoast SEO plugin. -->","yoast_head_json":{"title":"Une introduction au double lectorat - Les dits d&#039;Oldwishes","robots":{"index":"index","follow":"follow","max-snippet":"max-snippet:-1","max-image-preview":"max-image-preview:large","max-video-preview":"max-video-preview:-1"},"canonical":"https:\/\/la-conteuse.net\/index.php\/introduction-au-double-lectorat\/","og_locale":"fr_FR","og_type":"article","og_title":"Une introduction au double lectorat - Les dits d&#039;Oldwishes","og_description":"L\u2019intertextualit\u00e9 fait partie int\u00e9grante de la litt\u00e9rature de jeunesse du XIX\u00e8me\u00a0si\u00e8cle au XXI\u00e8me\u00a0si\u00e8cle.\u00a0 Toutefois, il y a quelques ann\u00e9es encore, l\u2019intertextualit\u00e9 n\u2019\u00e9tait qu\u2019un des ph\u00e9nom\u00e8nes du double lectorat parmi le carnavalesque, \u00a0la m\u00e9tafiction et les jeux de langage. Le ph\u00e9nom\u00e8ne de l\u2019intertextualit\u00e9 dans la litt\u00e9rature g\u00e9n\u00e9rale a \u00e9t\u00e9 th\u00e9oris\u00e9 il y a une quarantaine d\u2019ann\u00e9es [&hellip;]","og_url":"https:\/\/la-conteuse.net\/index.php\/introduction-au-double-lectorat\/","og_site_name":"Les dits d&#039;Oldwishes","og_image":[{"width":800,"height":318,"url":"https:\/\/la-conteuse.net\/wp-content\/uploads\/2012\/10\/dl_Ducos_Ange3.jpg","type":"image\/jpeg"}],"twitter_card":"summary_large_image","twitter_misc":{"Dur\u00e9e de lecture estim\u00e9e":"4 minutes"},"schema":{"@context":"https:\/\/schema.org","@graph":[{"@type":"WebPage","@id":"https:\/\/la-conteuse.net\/index.php\/introduction-au-double-lectorat\/","url":"https:\/\/la-conteuse.net\/index.php\/introduction-au-double-lectorat\/","name":"Une introduction au double lectorat - Les dits d&#039;Oldwishes","isPartOf":{"@id":"https:\/\/la-conteuse.net\/#website"},"primaryImageOfPage":{"@id":"https:\/\/la-conteuse.net\/index.php\/introduction-au-double-lectorat\/#primaryimage"},"image":{"@id":"https:\/\/la-conteuse.net\/index.php\/introduction-au-double-lectorat\/#primaryimage"},"thumbnailUrl":"https:\/\/la-conteuse.net\/wp-content\/uploads\/2012\/10\/dl_Ducos_Ange3.jpg","datePublished":"2012-10-16T10:04:50+00:00","breadcrumb":{"@id":"https:\/\/la-conteuse.net\/index.php\/introduction-au-double-lectorat\/#breadcrumb"},"inLanguage":"fr-FR","potentialAction":[{"@type":"ReadAction","target":["https:\/\/la-conteuse.net\/index.php\/introduction-au-double-lectorat\/"]}]},{"@type":"ImageObject","inLanguage":"fr-FR","@id":"https:\/\/la-conteuse.net\/index.php\/introduction-au-double-lectorat\/#primaryimage","url":"https:\/\/la-conteuse.net\/wp-content\/uploads\/2012\/10\/dl_Ducos_Ange3.jpg","contentUrl":"https:\/\/la-conteuse.net\/wp-content\/uploads\/2012\/10\/dl_Ducos_Ange3.jpg","width":800,"height":318},{"@type":"BreadcrumbList","@id":"https:\/\/la-conteuse.net\/index.php\/introduction-au-double-lectorat\/#breadcrumb","itemListElement":[{"@type":"ListItem","position":1,"name":"Accueil","item":"https:\/\/la-conteuse.net\/"},{"@type":"ListItem","position":2,"name":"Une introduction au double lectorat"}]},{"@type":"WebSite","@id":"https:\/\/la-conteuse.net\/#website","url":"https:\/\/la-conteuse.net\/","name":"Les dits d&#039;Oldwishes","description":"Lettres et bruissements d&#039;elle...","potentialAction":[{"@type":"SearchAction","target":{"@type":"EntryPoint","urlTemplate":"https:\/\/la-conteuse.net\/?s={search_term_string}"},"query-input":{"@type":"PropertyValueSpecification","valueRequired":true,"valueName":"search_term_string"}}],"inLanguage":"fr-FR"}]}},"_links":{"self":[{"href":"https:\/\/la-conteuse.net\/index.php\/wp-json\/wp\/v2\/pages\/1990","targetHints":{"allow":["GET"]}}],"collection":[{"href":"https:\/\/la-conteuse.net\/index.php\/wp-json\/wp\/v2\/pages"}],"about":[{"href":"https:\/\/la-conteuse.net\/index.php\/wp-json\/wp\/v2\/types\/page"}],"author":[{"embeddable":true,"href":"https:\/\/la-conteuse.net\/index.php\/wp-json\/wp\/v2\/users\/2"}],"replies":[{"embeddable":true,"href":"https:\/\/la-conteuse.net\/index.php\/wp-json\/wp\/v2\/comments?post=1990"}],"version-history":[{"count":0,"href":"https:\/\/la-conteuse.net\/index.php\/wp-json\/wp\/v2\/pages\/1990\/revisions"}],"wp:featuredmedia":[{"embeddable":true,"href":"https:\/\/la-conteuse.net\/index.php\/wp-json\/wp\/v2\/media\/1997"}],"wp:attachment":[{"href":"https:\/\/la-conteuse.net\/index.php\/wp-json\/wp\/v2\/media?parent=1990"}],"curies":[{"name":"wp","href":"https:\/\/api.w.org\/{rel}","templated":true}]}}